{"id":1072,"date":"2025-10-07T09:20:24","date_gmt":"2025-10-07T09:20:24","guid":{"rendered":"https:\/\/lavistabedding.com\/?page_id=1072"},"modified":"2025-12-11T15:38:27","modified_gmt":"2025-12-11T14:38:27","slug":"uslovi-koristenja","status":"publish","type":"page","link":"https:\/\/lavistabedding.com\/en\/uslovi-koristenja\/","title":{"rendered":"Terms of Use"},"content":{"rendered":"<div data-elementor-type=\"wp-page\" data-elementor-id=\"1072\" class=\"elementor elementor-1072\" data-elementor-post-type=\"page\">\n\t\t\t\t<div class=\"elementor-element elementor-element-b4312d0 e-flex e-con-boxed e-con e-parent\" data-id=\"b4312d0\" data-element_type=\"container\" data-e-type=\"container\">\n\t\t\t\t\t<div class=\"e-con-inner\">\n\t\t\t\t<div class=\"elementor-element elementor-element-76b6327 elementor-widget elementor-widget-heading\" data-id=\"76b6327\" data-element_type=\"widget\" data-e-type=\"widget\" data-widget_type=\"heading.default\">\n\t\t\t\t\t<h1 class=\"elementor-heading-title elementor-size-default\">Website Terms of Use<\/h1>\t\t\t\t<\/div>\n\t\t\t\t<div class=\"elementor-element elementor-element-271471c elementor-widget elementor-widget-text-editor\" data-id=\"271471c\" data-element_type=\"widget\" data-e-type=\"widget\" data-widget_type=\"text-editor.default\">\n\t\t\t\t\t\t\t\t\t<p>Effective date: October 1, 2025\nLast updated: October 7, 2025<\/p><p>Welcome to the official website of La Vista Bedding d.o.o. (\u201cwe,\u201d \u201cour company,\u201d \u201cus\u201d). By using our website [www.lavistabedding.com](http:\/\/www.lavistabedding.com) (\u201cwebsite\u201d), you agree to the following Terms of Use. Please read them carefully before using the site.<\/p>\t\t\t\t\t\t\t\t<\/div>\n\t\t\t\t<div class=\"elementor-element elementor-element-dda8883 elementor-widget elementor-widget-heading\" data-id=\"dda8883\" data-element_type=\"widget\" data-e-type=\"widget\" data-widget_type=\"heading.default\">\n\t\t\t\t\t<h1 class=\"elementor-heading-title elementor-size-default\">1. General Company Information<\/h1>\t\t\t\t<\/div>\n\t\t\t\t<div class=\"elementor-element elementor-element-1e7f7fa elementor-widget elementor-widget-text-editor\" data-id=\"1e7f7fa\" data-element_type=\"widget\" data-e-type=\"widget\" data-widget_type=\"text-editor.default\">\n\t\t\t\t\t\t\t\t\t<p><strong>Company name:<\/strong> La Vista Bedding d.o.o.<br \/><strong>Headquarters:<\/strong> Gusare bb, 84312 Petnjice, Crna Gora<br \/><strong>PIB \/ MB:<\/strong> 03778002<br \/><strong>E-mail address:<\/strong> info@lavistabedding.com<br \/><strong>Phone:<\/strong> +382 68 087 555<br \/><strong>Web site:<\/strong> www.lavistabedding.com<\/p>\t\t\t\t\t\t\t\t<\/div>\n\t\t\t\t<div class=\"elementor-element elementor-element-08815ee elementor-widget elementor-widget-heading\" data-id=\"08815ee\" data-element_type=\"widget\" data-e-type=\"widget\" data-widget_type=\"heading.default\">\n\t\t\t\t\t<h1 class=\"elementor-heading-title elementor-size-default\">2. Acceptance of Terms<\/h1>\t\t\t\t<\/div>\n\t\t\t\t<div class=\"elementor-element elementor-element-62dccc8 elementor-widget elementor-widget-text-editor\" data-id=\"62dccc8\" data-element_type=\"widget\" data-e-type=\"widget\" data-widget_type=\"text-editor.default\">\n\t\t\t\t\t\t\t\t\t<p>By using this website, you confirm that you have read, understood, and accepted these Terms of Use. If you do not agree with them, please do not use this site.<\/p>\t\t\t\t\t\t\t\t<\/div>\n\t\t\t\t<div class=\"elementor-element elementor-element-2d37c8c elementor-widget elementor-widget-heading\" data-id=\"2d37c8c\" data-element_type=\"widget\" data-e-type=\"widget\" data-widget_type=\"heading.default\">\n\t\t\t\t\t<h1 class=\"elementor-heading-title elementor-size-default\">3. Right to Amend<\/h1>\t\t\t\t<\/div>\n\t\t\t\t<div class=\"elementor-element elementor-element-a9d8a3f elementor-widget elementor-widget-text-editor\" data-id=\"a9d8a3f\" data-element_type=\"widget\" data-e-type=\"widget\" data-widget_type=\"text-editor.default\">\n\t\t\t\t\t\t\t\t\t<p>La Vista Bedding d.o.o. reserves the right to modify, supplement, or update the content of this website and\/or the Terms of Use at any time without prior notice. Changes take effect immediately upon being published on the site.<\/p>\t\t\t\t\t\t\t\t<\/div>\n\t\t\t\t<div class=\"elementor-element elementor-element-21b5c5e elementor-widget elementor-widget-heading\" data-id=\"21b5c5e\" data-element_type=\"widget\" data-e-type=\"widget\" data-widget_type=\"heading.default\">\n\t\t\t\t\t<h1 class=\"elementor-heading-title elementor-size-default\">4. Use of the Website<\/h1>\t\t\t\t<\/div>\n\t\t\t\t<div class=\"elementor-element elementor-element-dd46ab1 elementor-widget elementor-widget-text-editor\" data-id=\"dd46ab1\" data-element_type=\"widget\" data-e-type=\"widget\" data-widget_type=\"text-editor.default\">\n\t\t\t\t\t\t\t\t\t<p>The user agrees to use the website solely for lawful purposes and in a manner that does not infringe on the rights of other users, disrupt the functioning of the site, or cause damage to the system, data, or content.<\/p><p>Prohibited activities:<\/p><ul><li>Unauthorized copying, downloading, or distribution of content.<\/li><li>Use of automated tools (bots, scripts) without permission.<\/li><li>Posting false or malicious information.<\/li><\/ul>\t\t\t\t\t\t\t\t<\/div>\n\t\t\t\t<div class=\"elementor-element elementor-element-fa1896a elementor-widget elementor-widget-heading\" data-id=\"fa1896a\" data-element_type=\"widget\" data-e-type=\"widget\" data-widget_type=\"heading.default\">\n\t\t\t\t\t<h1 class=\"elementor-heading-title elementor-size-default\">5. Intellectual Property<\/h1>\t\t\t\t<\/div>\n\t\t\t\t<div class=\"elementor-element elementor-element-747b27d elementor-widget elementor-widget-text-editor\" data-id=\"747b27d\" data-element_type=\"widget\" data-e-type=\"widget\" data-widget_type=\"text-editor.default\">\n\t\t\t\t\t\t\t\t\t<p>All content on this site (texts, photographs, logos, graphics, design, the La Vista Bedding brand, etc.) is protected by copyright and related rights.<\/p><p>The use of any part of the website is prohibited without prior written consent from La Vista Bedding d.o.o.<\/p>\t\t\t\t\t\t\t\t<\/div>\n\t\t\t\t<div class=\"elementor-element elementor-element-1bb36b7 elementor-widget elementor-widget-heading\" data-id=\"1bb36b7\" data-element_type=\"widget\" data-e-type=\"widget\" data-widget_type=\"heading.default\">\n\t\t\t\t\t<h1 class=\"elementor-heading-title elementor-size-default\">6. Products and Prices<\/h1>\t\t\t\t<\/div>\n\t\t\t\t<div class=\"elementor-element elementor-element-1fe060c elementor-widget elementor-widget-text-editor\" data-id=\"1fe060c\" data-element_type=\"widget\" data-e-type=\"widget\" data-widget_type=\"text-editor.default\">\n\t\t\t\t\t\t\t\t\tAll products and prices displayed on the website are for informational purposes only. La Vista Bedding d.o.o. strives to ensure that all information is accurate and up to date but does not guarantee complete accuracy.\n\nWe reserve the right to change prices, product descriptions, and availability without prior notice.\t\t\t\t\t\t\t\t<\/div>\n\t\t\t\t<div class=\"elementor-element elementor-element-c2eb13a elementor-widget elementor-widget-heading\" data-id=\"c2eb13a\" data-element_type=\"widget\" data-e-type=\"widget\" data-widget_type=\"heading.default\">\n\t\t\t\t\t<h1 class=\"elementor-heading-title elementor-size-default\">7. Privacy Protection and Cookies<\/h1>\t\t\t\t<\/div>\n\t\t\t\t<div class=\"elementor-element elementor-element-eb8ad52 elementor-widget elementor-widget-text-editor\" data-id=\"eb8ad52\" data-element_type=\"widget\" data-e-type=\"widget\" data-widget_type=\"text-editor.default\">\n\t\t\t\t\t\t\t\t\t<p>La Vista Bedding d.o.o. respects your privacy and collects only the data necessary for the functioning of the website and the provision of services.<\/p><p>More information on how personal data is processed is available in the Privacy Policy.<\/p><p>The website uses cookies in accordance with applicable regulations.<\/p>\t\t\t\t\t\t\t\t<\/div>\n\t\t\t\t<div class=\"elementor-element elementor-element-7cf3f77 elementor-widget elementor-widget-heading\" data-id=\"7cf3f77\" data-element_type=\"widget\" data-e-type=\"widget\" data-widget_type=\"heading.default\">\n\t\t\t\t\t<h1 class=\"elementor-heading-title elementor-size-default\">8. Limitation of Liability<\/h1>\t\t\t\t<\/div>\n\t\t\t\t<div class=\"elementor-element elementor-element-1607a87 elementor-widget elementor-widget-text-editor\" data-id=\"1607a87\" data-element_type=\"widget\" data-e-type=\"widget\" data-widget_type=\"text-editor.default\">\n\t\t\t\t\t\t\t\t\t<p>La Vista Bedding d.o.o. is not responsible for:<\/p><ul><li>any potential errors in the display of information,<\/li><li>temporary unavailability of the website,<\/li><li>any damage arising from the use of or inability to use the website.<\/li><\/ul><p>The user assumes full responsibility for their own use of the website.<\/p>\t\t\t\t\t\t\t\t<\/div>\n\t\t\t\t<div class=\"elementor-element elementor-element-a52f26b elementor-widget elementor-widget-heading\" data-id=\"a52f26b\" data-element_type=\"widget\" data-e-type=\"widget\" data-widget_type=\"heading.default\">\n\t\t\t\t\t<h1 class=\"elementor-heading-title elementor-size-default\">9. Third-Party Links<\/h1>\t\t\t\t<\/div>\n\t\t\t\t<div class=\"elementor-element elementor-element-5bf10c2 elementor-widget elementor-widget-text-editor\" data-id=\"5bf10c2\" data-element_type=\"widget\" data-e-type=\"widget\" data-widget_type=\"text-editor.default\">\n\t\t\t\t\t\t\t\t\t<p>The website may contain links to external websites.<\/p><p>La Vista Bedding d.o.o. does not control these sites and is not responsible for their content or privacy policies.<\/p>\t\t\t\t\t\t\t\t<\/div>\n\t\t\t\t<div class=\"elementor-element elementor-element-478dc19 elementor-widget elementor-widget-heading\" data-id=\"478dc19\" data-element_type=\"widget\" data-e-type=\"widget\" data-widget_type=\"heading.default\">\n\t\t\t\t\t<h1 class=\"elementor-heading-title elementor-size-default\">10. Dispute Resolution and Governing Law<\/h1>\t\t\t\t<\/div>\n\t\t\t\t<div class=\"elementor-element elementor-element-1fd19e9 elementor-widget elementor-widget-text-editor\" data-id=\"1fd19e9\" data-element_type=\"widget\" data-e-type=\"widget\" data-widget_type=\"text-editor.default\">\n\t\t\t\t\t\t\t\t\t<p>These Terms of Use are governed by the laws of Montenegro.<\/p><p>Any disputes shall be resolved amicably, and if that is not possible \u2013 before the competent court of the company registration of La Vista Bedding d.o.o.<\/p>\t\t\t\t\t\t\t\t<\/div>\n\t\t\t\t<div class=\"elementor-element elementor-element-c7e326b elementor-widget elementor-widget-heading\" data-id=\"c7e326b\" data-element_type=\"widget\" data-e-type=\"widget\" data-widget_type=\"heading.default\">\n\t\t\t\t\t<h1 class=\"elementor-heading-title elementor-size-default\">11. Contacts<\/h1>\t\t\t\t<\/div>\n\t\t\t\t<div class=\"elementor-element elementor-element-ce5d352 elementor-widget elementor-widget-text-editor\" data-id=\"ce5d352\" data-element_type=\"widget\" data-e-type=\"widget\" data-widget_type=\"text-editor.default\">\n\t\t\t\t\t\t\t\t\t<p>For any questions regarding these Terms of Use, you can contact us via email at info@lavistabedding.com<\/p>\t\t\t\t\t\t\t\t<\/div>\n\t\t\t\t<div class=\"elementor-element elementor-element-891e294 elementor-widget elementor-widget-text-editor\" data-id=\"891e294\" data-element_type=\"widget\" data-e-type=\"widget\" data-widget_type=\"text-editor.default\">\n\t\t\t\t\t\t\t\t\t<p>La Vista Bedding d.o.o.<\/p><p>\u00a9 2025 All rights reserved.<\/p>\t\t\t\t\t\t\t\t<\/div>\n\t\t\t\t\t<\/div>\n\t\t\t\t<\/div>\n\t\t\t\t<\/div>","protected":false},"excerpt":{"rendered":"<p>Uslovi kori\u0161tenja web stranice Datum stupanja na snagu: 01.10.2025. godine Datum posljednje izmjene: 07.10.2025. godine Dobrodo\u0161li na zvani\u010dnu web stranicu La Vista Bedding d.o.o. (\u201cmi\u201d, \u201cna\u0161a firma\u201d, \u201cnas\u201d). Kori\u0161tenjem na\u0161e web stranice www.lavistabedding.com (\u201cweb stranica\u201d), prihvatate sljede\u0107e Uslove kori\u0161tenja. Molimo vas da ih pa\u017eljivo pro\u010ditate prije kori\u0161\u0107enja. 1. Op\u0161ti podaci o kompaniji Naziv firme: La [&hellip;]<\/p>\n","protected":false},"author":1,"featured_media":0,"parent":0,"menu_order":0,"comment_status":"closed","ping_status":"closed","template":"","meta":{"footnotes":""},"class_list":["post-1072","page","type-page","status-publish","hentry"],"_links":{"self":[{"href":"https:\/\/lavistabedding.com\/en\/wp-json\/wp\/v2\/pages\/1072","targetHints":{"allow":["GET"]}}],"collection":[{"href":"https:\/\/lavistabedding.com\/en\/wp-json\/wp\/v2\/pages"}],"about":[{"href":"https:\/\/lavistabedding.com\/en\/wp-json\/wp\/v2\/types\/page"}],"author":[{"embeddable":true,"href":"https:\/\/lavistabedding.com\/en\/wp-json\/wp\/v2\/users\/1"}],"replies":[{"embeddable":true,"href":"https:\/\/lavistabedding.com\/en\/wp-json\/wp\/v2\/comments?post=1072"}],"version-history":[{"count":19,"href":"https:\/\/lavistabedding.com\/en\/wp-json\/wp\/v2\/pages\/1072\/revisions"}],"predecessor-version":[{"id":1961,"href":"https:\/\/lavistabedding.com\/en\/wp-json\/wp\/v2\/pages\/1072\/revisions\/1961"}],"wp:attachment":[{"href":"https:\/\/lavistabedding.com\/en\/wp-json\/wp\/v2\/media?parent=1072"}],"curies":[{"name":"wp","href":"https:\/\/api.w.org\/{rel}","templated":true}]}}