{"id":1086,"date":"2025-10-07T09:33:12","date_gmt":"2025-10-07T09:33:12","guid":{"rendered":"https:\/\/lavistabedding.com\/?page_id=1086"},"modified":"2025-12-11T15:38:57","modified_gmt":"2025-12-11T14:38:57","slug":"politika-kvaliteta","status":"publish","type":"page","link":"https:\/\/lavistabedding.com\/en\/politika-kvaliteta\/","title":{"rendered":"Quality Policy"},"content":{"rendered":"<div data-elementor-type=\"wp-page\" data-elementor-id=\"1086\" class=\"elementor elementor-1086\" data-elementor-post-type=\"page\">\n\t\t\t\t<div class=\"elementor-element elementor-element-3d80d6f e-flex e-con-boxed e-con e-parent\" data-id=\"3d80d6f\" data-element_type=\"container\" data-e-type=\"container\">\n\t\t\t\t\t<div class=\"e-con-inner\">\n\t\t\t\t<div class=\"elementor-element elementor-element-bc86b20 elementor-widget elementor-widget-heading\" data-id=\"bc86b20\" data-element_type=\"widget\" data-e-type=\"widget\" data-widget_type=\"heading.default\">\n\t\t\t\t\t<h1 class=\"elementor-heading-title elementor-size-default\">Quality Policy<\/h1>\t\t\t\t<\/div>\n\t\t\t\t<div class=\"elementor-element elementor-element-c7b1ca8 elementor-widget elementor-widget-text-editor\" data-id=\"c7b1ca8\" data-element_type=\"widget\" data-e-type=\"widget\" data-widget_type=\"text-editor.default\">\n\t\t\t\t\t\t\t\t\t<p><strong>La Vista Bedding d.o.o.<br \/><\/strong>(Production of beds and accompanying furniture)<\/p>\t\t\t\t\t\t\t\t<\/div>\n\t\t\t\t<div class=\"elementor-element elementor-element-8161c1f elementor-widget elementor-widget-heading\" data-id=\"8161c1f\" data-element_type=\"widget\" data-e-type=\"widget\" data-widget_type=\"heading.default\">\n\t\t\t\t\t<h1 class=\"elementor-heading-title elementor-size-default\">Our mission<\/h1>\t\t\t\t<\/div>\n\t\t\t\t<div class=\"elementor-element elementor-element-7056366 elementor-widget elementor-widget-text-editor\" data-id=\"7056366\" data-element_type=\"widget\" data-e-type=\"widget\" data-widget_type=\"text-editor.default\">\n\t\t\t\t\t\t\t\t\t<p>Our mission is to provide customers with top-quality, comfortable and long-lasting beds, made of quality materials and in accordance with contemporary design and ergonomics standards. We strive to ensure that every product of La Vista Bedding d.o.o. provides a perfect balance between quality, aesthetics and functionality.<\/p>\t\t\t\t\t\t\t\t<\/div>\n\t\t\t\t<div class=\"elementor-element elementor-element-928f14c elementor-widget elementor-widget-heading\" data-id=\"928f14c\" data-element_type=\"widget\" data-e-type=\"widget\" data-widget_type=\"heading.default\">\n\t\t\t\t\t<h1 class=\"elementor-heading-title elementor-size-default\">Our vision<\/h1>\t\t\t\t<\/div>\n\t\t\t\t<div class=\"elementor-element elementor-element-d3b24c6 elementor-widget elementor-widget-text-editor\" data-id=\"d3b24c6\" data-element_type=\"widget\" data-e-type=\"widget\" data-widget_type=\"text-editor.default\">\n\t\t\t\t\t\t\t\t\t<p>To become a recognizable regional leader in the production of beds and accompanying sleep products, known for reliability, innovation and constant improvement of quality.<\/p>\t\t\t\t\t\t\t\t<\/div>\n\t\t\t\t<div class=\"elementor-element elementor-element-f433ea6 elementor-widget-divider--view-line elementor-widget elementor-widget-divider\" data-id=\"f433ea6\" data-element_type=\"widget\" data-e-type=\"widget\" data-widget_type=\"divider.default\">\n\t\t\t\t\t\t\t<div class=\"elementor-divider\">\n\t\t\t<span class=\"elementor-divider-separator\">\n\t\t\t\t\t\t<\/span>\n\t\t<\/div>\n\t\t\t\t\t\t<\/div>\n\t\t\t\t<div class=\"elementor-element elementor-element-52c9f62 elementor-widget elementor-widget-heading\" data-id=\"52c9f62\" data-element_type=\"widget\" data-e-type=\"widget\" data-widget_type=\"heading.default\">\n\t\t\t\t\t<h1 class=\"elementor-heading-title elementor-size-default\">Basic principles of quality policy<\/h1>\t\t\t\t<\/div>\n\t\t\t\t<div class=\"elementor-element elementor-element-cf67ae9 elementor-widget elementor-widget-text-editor\" data-id=\"cf67ae9\" data-element_type=\"widget\" data-e-type=\"widget\" data-widget_type=\"text-editor.default\">\n\t\t\t\t\t\t\t\t\t<p>La Vista Bedding d.o.o. bases its quality management system on the following principles:<\/p><ol><li>Customer satisfaction<ul><li>The customer is at the center of our business.<\/li><li>We actively listen to the needs of the market and adapt our products and services to their requirements.<\/li><\/ul><\/li><li>Product and process quality<ul><li>All our products go through strict quality control at every stage of production.<\/li><li>We use certified materials and modern equipment that ensure the longevity and safety of the product.<\/li><\/ul><\/li><li>Continuous improvement<ul><li>We constantly analyze results, introduce innovations and improve production processes.<\/li><li>We encourage a culture of quality through employee education and open communication.<\/li><\/ul><\/li><li>Responsibility and teamwork<ul><li>Every employee is responsible for the quality of their work.<\/li><li>We encourage cooperation, professionalism and mutual respect in all business segments.<\/li><\/ul><\/li><li>Sustainability and social responsibility<ul><li>We are committed to the rational use of resources and environmental protection.<\/li><li>We cooperate with suppliers who share our values \u200b\u200bof quality and ethical business.<\/li><\/ul><\/li><\/ol>\t\t\t\t\t\t\t\t<\/div>\n\t\t\t\t<div class=\"elementor-element elementor-element-97a92e1 elementor-widget elementor-widget-heading\" data-id=\"97a92e1\" data-element_type=\"widget\" data-e-type=\"widget\" data-widget_type=\"heading.default\">\n\t\t\t\t\t<h1 class=\"elementor-heading-title elementor-size-default\">Our quality goals<\/h1>\t\t\t\t<\/div>\n\t\t\t\t<div class=\"elementor-element elementor-element-9037179 elementor-widget elementor-widget-text-editor\" data-id=\"9037179\" data-element_type=\"widget\" data-e-type=\"widget\" data-widget_type=\"text-editor.default\">\n\t\t\t\t\t\t\t\t\t<ul><li>Achieving and maintaining a zero level of complaints through the prevention of errors, not their correction.<\/li><li>Increasing customer satisfaction based on regular surveys and feedback.<\/li><li>Regular improvement of production capacities and technical equipment.<\/li><li>Constant training of employees in the field of technology, design and quality control.<\/li><\/ul>\t\t\t\t\t\t\t\t<\/div>\n\t\t\t\t<div class=\"elementor-element elementor-element-1c73003 elementor-widget elementor-widget-heading\" data-id=\"1c73003\" data-element_type=\"widget\" data-e-type=\"widget\" data-widget_type=\"heading.default\">\n\t\t\t\t\t<h1 class=\"elementor-heading-title elementor-size-default\">Closing statement<\/h1>\t\t\t\t<\/div>\n\t\t\t\t<div class=\"elementor-element elementor-element-ac30104 elementor-widget elementor-widget-text-editor\" data-id=\"ac30104\" data-element_type=\"widget\" data-e-type=\"widget\" data-widget_type=\"text-editor.default\">\n\t\t\t\t\t\t\t\t\t<p>Management of La Vista Bedding d.o.o. undertakes to provide all necessary resources for the implementation of this Quality Policy and to review it regularly for its continuous improvement.<\/p><p>All employees are familiar with this policy, and it is available to the public via our website and the notice board in the company.<\/p><p>La Vista Bedding d.o.o.<\/p>\t\t\t\t\t\t\t\t<\/div>\n\t\t\t\t\t<\/div>\n\t\t\t\t<\/div>\n\t\t\t\t<\/div>","protected":false},"excerpt":{"rendered":"<p>Politika kvaliteta La Vista Bedding d.o.o.(Proizvodnja kreveta i prate\u0107eg namje\u0161taja) Na\u0161a misija Na\u0161a misija je da kupcima pru\u017eimo vrhunske, udobne i dugotrajne krevete, izra\u0111ene od kvalitetnih materijala i u skladu sa savremenim standardima dizajna i ergonomije. Te\u017eimo tome da svaki proizvod La Vista Bedding d.o.o. pru\u017ei savr\u0161en balans izme\u0111u kvaliteta, estetike i funkcionalnosti. Na\u0161a vizija [&hellip;]<\/p>\n","protected":false},"author":1,"featured_media":0,"parent":0,"menu_order":0,"comment_status":"closed","ping_status":"closed","template":"","meta":{"footnotes":""},"class_list":["post-1086","page","type-page","status-publish","hentry"],"_links":{"self":[{"href":"https:\/\/lavistabedding.com\/en\/wp-json\/wp\/v2\/pages\/1086","targetHints":{"allow":["GET"]}}],"collection":[{"href":"https:\/\/lavistabedding.com\/en\/wp-json\/wp\/v2\/pages"}],"about":[{"href":"https:\/\/lavistabedding.com\/en\/wp-json\/wp\/v2\/types\/page"}],"author":[{"embeddable":true,"href":"https:\/\/lavistabedding.com\/en\/wp-json\/wp\/v2\/users\/1"}],"replies":[{"embeddable":true,"href":"https:\/\/lavistabedding.com\/en\/wp-json\/wp\/v2\/comments?post=1086"}],"version-history":[{"count":13,"href":"https:\/\/lavistabedding.com\/en\/wp-json\/wp\/v2\/pages\/1086\/revisions"}],"predecessor-version":[{"id":1967,"href":"https:\/\/lavistabedding.com\/en\/wp-json\/wp\/v2\/pages\/1086\/revisions\/1967"}],"wp:attachment":[{"href":"https:\/\/lavistabedding.com\/en\/wp-json\/wp\/v2\/media?parent=1086"}],"curies":[{"name":"wp","href":"https:\/\/api.w.org\/{rel}","templated":true}]}}