{"id":1123,"date":"2025-10-07T10:03:38","date_gmt":"2025-10-07T10:03:38","guid":{"rendered":"https:\/\/lavistabedding.com\/?page_id=1123"},"modified":"2025-12-11T15:38:55","modified_gmt":"2025-12-11T14:38:55","slug":"politika-privatnosti","status":"publish","type":"page","link":"https:\/\/lavistabedding.com\/en\/politika-privatnosti\/","title":{"rendered":"Privacy Policy"},"content":{"rendered":"<div data-elementor-type=\"wp-page\" data-elementor-id=\"1123\" class=\"elementor elementor-1123\" data-elementor-post-type=\"page\">\n\t\t\t\t<div class=\"elementor-element elementor-element-a592f76 e-flex e-con-boxed e-con e-parent\" data-id=\"a592f76\" data-element_type=\"container\" data-e-type=\"container\">\n\t\t\t\t\t<div class=\"e-con-inner\">\n\t\t\t\t<div class=\"elementor-element elementor-element-4e9c3e7 elementor-widget elementor-widget-heading\" data-id=\"4e9c3e7\" data-element_type=\"widget\" data-e-type=\"widget\" data-widget_type=\"heading.default\">\n\t\t\t\t\t<h1 class=\"elementor-heading-title elementor-size-default\">Privacy Policy<\/h1>\t\t\t\t<\/div>\n\t\t\t\t<div class=\"elementor-element elementor-element-65df691 elementor-widget elementor-widget-text-editor\" data-id=\"65df691\" data-element_type=\"widget\" data-e-type=\"widget\" data-widget_type=\"text-editor.default\">\n\t\t\t\t\t\t\t\t\t<p><strong>La Vista Bedding d.o.o.<br \/><\/strong>(hereinafter: \u201cwe,\u201d \u201cour company,\u201d \u201cLa Vista Bedding\u201d)<\/p>\t\t\t\t\t\t\t\t<\/div>\n\t\t\t\t<div class=\"elementor-element elementor-element-f23635b elementor-widget elementor-widget-heading\" data-id=\"f23635b\" data-element_type=\"widget\" data-e-type=\"widget\" data-widget_type=\"heading.default\">\n\t\t\t\t\t<h1 class=\"elementor-heading-title elementor-size-default\">1. General Information<\/h1>\t\t\t\t<\/div>\n\t\t\t\t<div class=\"elementor-element elementor-element-ec026af elementor-widget elementor-widget-text-editor\" data-id=\"ec026af\" data-element_type=\"widget\" data-e-type=\"widget\" data-widget_type=\"text-editor.default\">\n\t\t\t\t\t\t\t\t\t<p>This Privacy Policy describes how <b>La Vista Bedding d.o.o.<\/b> collects, uses, processes, and protects the personal data of website users <b>www.lavistabedding.com<\/b> (\"web site\").<\/p>\n<p>By using our website, you acknowledge that you have read this Privacy Policy and agree to its terms.<\/p>\t\t\t\t\t\t\t\t<\/div>\n\t\t\t\t<div class=\"elementor-element elementor-element-32f253d elementor-widget-divider--view-line elementor-widget elementor-widget-divider\" data-id=\"32f253d\" data-element_type=\"widget\" data-e-type=\"widget\" data-widget_type=\"divider.default\">\n\t\t\t\t\t\t\t<div class=\"elementor-divider\">\n\t\t\t<span class=\"elementor-divider-separator\">\n\t\t\t\t\t\t<\/span>\n\t\t<\/div>\n\t\t\t\t\t\t<\/div>\n\t\t\t\t<div class=\"elementor-element elementor-element-7ccdcec elementor-widget elementor-widget-heading\" data-id=\"7ccdcec\" data-element_type=\"widget\" data-e-type=\"widget\" data-widget_type=\"heading.default\">\n\t\t\t\t\t<h1 class=\"elementor-heading-title elementor-size-default\">2. Data Controller Information<\/h1>\t\t\t\t<\/div>\n\t\t\t\t<div class=\"elementor-element elementor-element-f53f350 elementor-widget elementor-widget-text-editor\" data-id=\"f53f350\" data-element_type=\"widget\" data-e-type=\"widget\" data-widget_type=\"text-editor.default\">\n\t\t\t\t\t\t\t\t\t<p><strong>Company name:<\/strong> La Vista Bedding d.o.o.<br><strong>Headquarters:<\/strong> Gusare bb, 84312 Petnjice, Crna Gora<br><strong>PIB \/ MB:<\/strong> 03778002<br><strong>E-mail address:<\/strong> info@lavistabedding.com<br><strong>Phone:<\/strong> +382 68 087 555<br><strong>Web site:<\/strong> www.lavistabedding.com<\/p>\n<p>La Vista Bedding d.o.o. is the controller of your personal data in accordance with applicable laws.<\/p>\t\t\t\t\t\t\t\t<\/div>\n\t\t\t\t<div class=\"elementor-element elementor-element-f1de762 elementor-widget-divider--view-line elementor-widget elementor-widget-divider\" data-id=\"f1de762\" data-element_type=\"widget\" data-e-type=\"widget\" data-widget_type=\"divider.default\">\n\t\t\t\t\t\t\t<div class=\"elementor-divider\">\n\t\t\t<span class=\"elementor-divider-separator\">\n\t\t\t\t\t\t<\/span>\n\t\t<\/div>\n\t\t\t\t\t\t<\/div>\n\t\t\t\t<div class=\"elementor-element elementor-element-ca401d4 elementor-widget elementor-widget-heading\" data-id=\"ca401d4\" data-element_type=\"widget\" data-e-type=\"widget\" data-widget_type=\"heading.default\">\n\t\t\t\t\t<h1 class=\"elementor-heading-title elementor-size-default\">3. Types of Data We Collect<\/h1>\t\t\t\t<\/div>\n\t\t\t\t<div class=\"elementor-element elementor-element-3c57040 elementor-widget elementor-widget-text-editor\" data-id=\"3c57040\" data-element_type=\"widget\" data-e-type=\"widget\" data-widget_type=\"text-editor.default\">\n\t\t\t\t\t\t\t\t\t<p>We collect only the data that is necessary for the functioning of the website and the provision of services to users.<\/p><p>This includes:<\/p><ul><li><b>Contact details:<\/b> first name, last name, email address, phone number (when you contact us via form or email)<\/li><li><b>Order information <\/b>(if online shopping is enabled): delivery address, payment method, etc.<\/li><li><b>Technical data: <\/b>IP address, browser type, access time, cookies and analytical data about site usage.<\/li><\/ul><p><br \/>We do not collect sensitive data (e.g. health information, racial or ethnic origin, religion, etc.).<\/p>\t\t\t\t\t\t\t\t<\/div>\n\t\t\t\t<div class=\"elementor-element elementor-element-b6167d7 elementor-widget-divider--view-line elementor-widget elementor-widget-divider\" data-id=\"b6167d7\" data-element_type=\"widget\" data-e-type=\"widget\" data-widget_type=\"divider.default\">\n\t\t\t\t\t\t\t<div class=\"elementor-divider\">\n\t\t\t<span class=\"elementor-divider-separator\">\n\t\t\t\t\t\t<\/span>\n\t\t<\/div>\n\t\t\t\t\t\t<\/div>\n\t\t\t\t<div class=\"elementor-element elementor-element-89c458f elementor-widget elementor-widget-heading\" data-id=\"89c458f\" data-element_type=\"widget\" data-e-type=\"widget\" data-widget_type=\"heading.default\">\n\t\t\t\t\t<h1 class=\"elementor-heading-title elementor-size-default\">4. Data collection method<\/h1>\t\t\t\t<\/div>\n\t\t\t\t<div class=\"elementor-element elementor-element-5c51c3d elementor-widget elementor-widget-text-editor\" data-id=\"5c51c3d\" data-element_type=\"widget\" data-e-type=\"widget\" data-widget_type=\"text-editor.default\">\n\t\t\t\t\t\t\t\t\t<p>We collect personal data:<\/p><ul><li>when you fill out a contact form or send an inquiry via e-mail,<\/li><li>when you make a purchase or request a quote,<\/li><li>automatically through cookies and analytical tools (e.g. Google Analytics).<\/li><\/ul>\t\t\t\t\t\t\t\t<\/div>\n\t\t\t\t<div class=\"elementor-element elementor-element-acaf9cf elementor-widget-divider--view-line elementor-widget elementor-widget-divider\" data-id=\"acaf9cf\" data-element_type=\"widget\" data-e-type=\"widget\" data-widget_type=\"divider.default\">\n\t\t\t\t\t\t\t<div class=\"elementor-divider\">\n\t\t\t<span class=\"elementor-divider-separator\">\n\t\t\t\t\t\t<\/span>\n\t\t<\/div>\n\t\t\t\t\t\t<\/div>\n\t\t\t\t<div class=\"elementor-element elementor-element-911e8a8 elementor-widget elementor-widget-heading\" data-id=\"911e8a8\" data-element_type=\"widget\" data-e-type=\"widget\" data-widget_type=\"heading.default\">\n\t\t\t\t\t<h1 class=\"elementor-heading-title elementor-size-default\">5. Purpose of data processing<\/h1>\t\t\t\t<\/div>\n\t\t\t\t<div class=\"elementor-element elementor-element-f954f66 elementor-widget elementor-widget-text-editor\" data-id=\"f954f66\" data-element_type=\"widget\" data-e-type=\"widget\" data-widget_type=\"text-editor.default\">\n\t\t\t\t\t\t\t\t\t<p>We process your data exclusively for the following purposes:<\/p><ul><li>to respond to your inquiry or request,<\/li><li>to process orders and provide requested services,<\/li><li>to improve the quality of our products and user experience,<\/li><li>to send notifications and promotional offers (only with your consent),<\/li><li>for the fulfillment of legal obligations (accounting, tax records, guarantees, etc.).<\/li><\/ul>\t\t\t\t\t\t\t\t<\/div>\n\t\t\t\t<div class=\"elementor-element elementor-element-4e571ed elementor-widget-divider--view-line elementor-widget elementor-widget-divider\" data-id=\"4e571ed\" data-element_type=\"widget\" data-e-type=\"widget\" data-widget_type=\"divider.default\">\n\t\t\t\t\t\t\t<div class=\"elementor-divider\">\n\t\t\t<span class=\"elementor-divider-separator\">\n\t\t\t\t\t\t<\/span>\n\t\t<\/div>\n\t\t\t\t\t\t<\/div>\n\t\t\t\t<div class=\"elementor-element elementor-element-d1aab91 elementor-widget elementor-widget-heading\" data-id=\"d1aab91\" data-element_type=\"widget\" data-e-type=\"widget\" data-widget_type=\"heading.default\">\n\t\t\t\t\t<h1 class=\"elementor-heading-title elementor-size-default\">6. Legal basis for processing<\/h1>\t\t\t\t<\/div>\n\t\t\t\t<div class=\"elementor-element elementor-element-f8f8c65 elementor-widget elementor-widget-text-editor\" data-id=\"f8f8c65\" data-element_type=\"widget\" data-e-type=\"widget\" data-widget_type=\"text-editor.default\">\n\t\t\t\t\t\t\t\t\t<p>We process your data based on:<\/p><ul><li>your <strong>consent<\/strong>,<\/li><li><b>contractual relationship<\/b> (when you order a product or request a quote),<\/li><li><b>legal obligations<\/b>,<\/li><li><b>legitimate interest<\/b> of the company (eg protection of website and business).<\/li><\/ul>\t\t\t\t\t\t\t\t<\/div>\n\t\t\t\t<div class=\"elementor-element elementor-element-34e4877 elementor-widget-divider--view-line elementor-widget elementor-widget-divider\" data-id=\"34e4877\" data-element_type=\"widget\" data-e-type=\"widget\" data-widget_type=\"divider.default\">\n\t\t\t\t\t\t\t<div class=\"elementor-divider\">\n\t\t\t<span class=\"elementor-divider-separator\">\n\t\t\t\t\t\t<\/span>\n\t\t<\/div>\n\t\t\t\t\t\t<\/div>\n\t\t\t\t<div class=\"elementor-element elementor-element-a486045 elementor-widget elementor-widget-heading\" data-id=\"a486045\" data-element_type=\"widget\" data-e-type=\"widget\" data-widget_type=\"heading.default\">\n\t\t\t\t\t<h1 class=\"elementor-heading-title elementor-size-default\">7. Data storage and protection<\/h1>\t\t\t\t<\/div>\n\t\t\t\t<div class=\"elementor-element elementor-element-05805a4 elementor-widget elementor-widget-text-editor\" data-id=\"05805a4\" data-element_type=\"widget\" data-e-type=\"widget\" data-widget_type=\"text-editor.default\">\n\t\t\t\t\t\t\t\t\t<p>Personal data is stored in electronic and\/or physical form, with the application of technical and organizational protection measures that prevent unauthorized access, loss or misuse of data.<\/p><p>Data is kept <strong>for as long as it is necessary<\/strong> to fulfill the purpose of the processing, i.e. in accordance with the legal deadlines.<\/p>\t\t\t\t\t\t\t\t<\/div>\n\t\t\t\t<div class=\"elementor-element elementor-element-bcd689b elementor-widget-divider--view-line elementor-widget elementor-widget-divider\" data-id=\"bcd689b\" data-element_type=\"widget\" data-e-type=\"widget\" data-widget_type=\"divider.default\">\n\t\t\t\t\t\t\t<div class=\"elementor-divider\">\n\t\t\t<span class=\"elementor-divider-separator\">\n\t\t\t\t\t\t<\/span>\n\t\t<\/div>\n\t\t\t\t\t\t<\/div>\n\t\t\t\t<div class=\"elementor-element elementor-element-4b78230 elementor-widget elementor-widget-heading\" data-id=\"4b78230\" data-element_type=\"widget\" data-e-type=\"widget\" data-widget_type=\"heading.default\">\n\t\t\t\t\t<h1 class=\"elementor-heading-title elementor-size-default\">8. Data sharing<\/h1>\t\t\t\t<\/div>\n\t\t\t\t<div class=\"elementor-element elementor-element-199926c elementor-widget elementor-widget-text-editor\" data-id=\"199926c\" data-element_type=\"widget\" data-e-type=\"widget\" data-widget_type=\"text-editor.default\">\n\t\t\t\t\t\t\t\t\t<p>Your personal data <b>is not shared with<\/b> third parties, except for:<\/p><ul><li>if this is necessary for the realization of contractual obligations (e.g. courier services, IT support),<\/li><li>if required by law, court order or competent authority,<\/li><li>with your express consent.<\/li><\/ul><p>All our partners are required to maintain the confidentiality of your data and to use it solely for the purposes for which it was provided to them.<\/p>\t\t\t\t\t\t\t\t<\/div>\n\t\t\t\t<div class=\"elementor-element elementor-element-468b9b9 elementor-widget-divider--view-line elementor-widget elementor-widget-divider\" data-id=\"468b9b9\" data-element_type=\"widget\" data-e-type=\"widget\" data-widget_type=\"divider.default\">\n\t\t\t\t\t\t\t<div class=\"elementor-divider\">\n\t\t\t<span class=\"elementor-divider-separator\">\n\t\t\t\t\t\t<\/span>\n\t\t<\/div>\n\t\t\t\t\t\t<\/div>\n\t\t\t\t<div class=\"elementor-element elementor-element-e7796b6 elementor-widget elementor-widget-heading\" data-id=\"e7796b6\" data-element_type=\"widget\" data-e-type=\"widget\" data-widget_type=\"heading.default\">\n\t\t\t\t\t<h1 class=\"elementor-heading-title elementor-size-default\">9. Cookies<\/h1>\t\t\t\t<\/div>\n\t\t\t\t<div class=\"elementor-element elementor-element-0249029 elementor-widget elementor-widget-text-editor\" data-id=\"0249029\" data-element_type=\"widget\" data-e-type=\"widget\" data-widget_type=\"text-editor.default\">\n\t\t\t\t\t\t\t\t\t<p>Our website uses cookies to improve functionality and analyze traffic. By using the site, you agree to the use of cookies in accordance with <b>Cookie policy<\/b>, which is available on a separate page.<\/p><p>The user can disable cookies at any time in the browser settings.<\/p>\t\t\t\t\t\t\t\t<\/div>\n\t\t\t\t<div class=\"elementor-element elementor-element-a87ed7e elementor-widget-divider--view-line elementor-widget elementor-widget-divider\" data-id=\"a87ed7e\" data-element_type=\"widget\" data-e-type=\"widget\" data-widget_type=\"divider.default\">\n\t\t\t\t\t\t\t<div class=\"elementor-divider\">\n\t\t\t<span class=\"elementor-divider-separator\">\n\t\t\t\t\t\t<\/span>\n\t\t<\/div>\n\t\t\t\t\t\t<\/div>\n\t\t\t\t<div class=\"elementor-element elementor-element-ac1b511 elementor-widget elementor-widget-heading\" data-id=\"ac1b511\" data-element_type=\"widget\" data-e-type=\"widget\" data-widget_type=\"heading.default\">\n\t\t\t\t\t<h1 class=\"elementor-heading-title elementor-size-default\">10. User rights<\/h1>\t\t\t\t<\/div>\n\t\t\t\t<div class=\"elementor-element elementor-element-394622e elementor-widget elementor-widget-text-editor\" data-id=\"394622e\" data-element_type=\"widget\" data-e-type=\"widget\" data-widget_type=\"text-editor.default\">\n\t\t\t\t\t\t\t\t\t<p>In accordance with applicable regulations, you have the right to:<\/p><ul><li>request access to your data,<\/li><li>you request the correction of incorrect or outdated data,<\/li><li>request deletion (\u201cright to be forgotten\u201d),<\/li><li>restrict or object to processing,<\/li><li>withdraw consent at any time,<\/li><li>submit a complaint to the competent authority for data protection.<\/li><\/ul><p><br \/>To exercise these rights, contact us via e-mail address: <strong>info@lavistabedding.com<\/strong><\/p>\t\t\t\t\t\t\t\t<\/div>\n\t\t\t\t<div class=\"elementor-element elementor-element-c39d241 elementor-widget-divider--view-line elementor-widget elementor-widget-divider\" data-id=\"c39d241\" data-element_type=\"widget\" data-e-type=\"widget\" data-widget_type=\"divider.default\">\n\t\t\t\t\t\t\t<div class=\"elementor-divider\">\n\t\t\t<span class=\"elementor-divider-separator\">\n\t\t\t\t\t\t<\/span>\n\t\t<\/div>\n\t\t\t\t\t\t<\/div>\n\t\t\t\t<div class=\"elementor-element elementor-element-d2123e4 elementor-widget elementor-widget-heading\" data-id=\"d2123e4\" data-element_type=\"widget\" data-e-type=\"widget\" data-widget_type=\"heading.default\">\n\t\t\t\t\t<h1 class=\"elementor-heading-title elementor-size-default\">11. Links to other websites<\/h1>\t\t\t\t<\/div>\n\t\t\t\t<div class=\"elementor-element elementor-element-7f39688 elementor-widget elementor-widget-text-editor\" data-id=\"7f39688\" data-element_type=\"widget\" data-e-type=\"widget\" data-widget_type=\"text-editor.default\">\n\t\t\t\t\t\t\t\t\t<p>Our website may contain links to external sites. La Vista Bedding d.o.o. is not responsible for the content, privacy policy or security of those websites.<\/p>\t\t\t\t\t\t\t\t<\/div>\n\t\t\t\t<div class=\"elementor-element elementor-element-0160629 elementor-widget-divider--view-line elementor-widget elementor-widget-divider\" data-id=\"0160629\" data-element_type=\"widget\" data-e-type=\"widget\" data-widget_type=\"divider.default\">\n\t\t\t\t\t\t\t<div class=\"elementor-divider\">\n\t\t\t<span class=\"elementor-divider-separator\">\n\t\t\t\t\t\t<\/span>\n\t\t<\/div>\n\t\t\t\t\t\t<\/div>\n\t\t\t\t<div class=\"elementor-element elementor-element-ea09e73 elementor-widget elementor-widget-heading\" data-id=\"ea09e73\" data-element_type=\"widget\" data-e-type=\"widget\" data-widget_type=\"heading.default\">\n\t\t\t\t\t<h1 class=\"elementor-heading-title elementor-size-default\">12. Changes to the Privacy Policy<\/h1>\t\t\t\t<\/div>\n\t\t\t\t<div class=\"elementor-element elementor-element-456149d elementor-widget elementor-widget-text-editor\" data-id=\"456149d\" data-element_type=\"widget\" data-e-type=\"widget\" data-widget_type=\"text-editor.default\">\n\t\t\t\t\t\t\t\t\t<p>We reserve the right to update this Privacy Policy periodically to align it with legal changes or our internal practices.<\/p><p>The updated version will always be published on the website with the date of revision indicated.<\/p>\t\t\t\t\t\t\t\t<\/div>\n\t\t\t\t<div class=\"elementor-element elementor-element-bad1df0 elementor-widget-divider--view-line elementor-widget elementor-widget-divider\" data-id=\"bad1df0\" data-element_type=\"widget\" data-e-type=\"widget\" data-widget_type=\"divider.default\">\n\t\t\t\t\t\t\t<div class=\"elementor-divider\">\n\t\t\t<span class=\"elementor-divider-separator\">\n\t\t\t\t\t\t<\/span>\n\t\t<\/div>\n\t\t\t\t\t\t<\/div>\n\t\t\t\t<div class=\"elementor-element elementor-element-a72685d elementor-widget elementor-widget-heading\" data-id=\"a72685d\" data-element_type=\"widget\" data-e-type=\"widget\" data-widget_type=\"heading.default\">\n\t\t\t\t\t<h1 class=\"elementor-heading-title elementor-size-default\">13. Contacts<\/h1>\t\t\t\t<\/div>\n\t\t\t\t<div class=\"elementor-element elementor-element-cba15f1 elementor-widget elementor-widget-text-editor\" data-id=\"cba15f1\" data-element_type=\"widget\" data-e-type=\"widget\" data-widget_type=\"text-editor.default\">\n\t\t\t\t\t\t\t\t\t<p>For any questions, requests, or complaints regarding the processing of personal data, you can contact us:<\/p>\n<p><strong>La Vista Bedding d.o.o.<\/strong><br>Gusare bb, 84312 Petnjice, Crna Gora <br>E-mail address: info@lavistabedding.com <br>Phone: +382 68 087 555<br>Web site: www.lavistabedding.com<\/p>\t\t\t\t\t\t\t\t<\/div>\n\t\t\t\t<div class=\"elementor-element elementor-element-1300c9b elementor-widget-divider--view-line elementor-widget elementor-widget-divider\" data-id=\"1300c9b\" data-element_type=\"widget\" data-e-type=\"widget\" data-widget_type=\"divider.default\">\n\t\t\t\t\t\t\t<div class=\"elementor-divider\">\n\t\t\t<span class=\"elementor-divider-separator\">\n\t\t\t\t\t\t<\/span>\n\t\t<\/div>\n\t\t\t\t\t\t<\/div>\n\t\t\t\t<div class=\"elementor-element elementor-element-eedd7b7 elementor-widget elementor-widget-text-editor\" data-id=\"eedd7b7\" data-element_type=\"widget\" data-e-type=\"widget\" data-widget_type=\"text-editor.default\">\n\t\t\t\t\t\t\t\t\t<p><strong>La Vista Bedding d.o.o.<\/strong><br \/>\u00a9 2025 All rights reserved.<\/p>\t\t\t\t\t\t\t\t<\/div>\n\t\t\t\t\t<\/div>\n\t\t\t\t<\/div>\n\t\t\t\t<\/div>","protected":false},"excerpt":{"rendered":"<p>Politika privatnosti La Vista Bedding d.o.o.(u daljem tekstu: \u201cmi\u201d, \u201cna\u0161a kompanija\u201d, \u201cLa Vista Bedding\u201d) 1. Op\u0161te informacije Ova Politika privatnosti opisuje na\u010din na koji La Vista Bedding d.o.o. prikuplja, koristi, obra\u0111uje i \u0161titi li\u010dne podatke korisnika web stranice www.lavistabedding.com (\u201cweb stranica\u201d). Kori\u0161tenjem na\u0161e web stranice potvr\u0111ujete da ste upoznati sa ovom Politikom privatnosti i da [&hellip;]<\/p>\n","protected":false},"author":1,"featured_media":0,"parent":0,"menu_order":0,"comment_status":"closed","ping_status":"closed","template":"","meta":{"footnotes":""},"class_list":["post-1123","page","type-page","status-publish","hentry"],"_links":{"self":[{"href":"https:\/\/lavistabedding.com\/en\/wp-json\/wp\/v2\/pages\/1123","targetHints":{"allow":["GET"]}}],"collection":[{"href":"https:\/\/lavistabedding.com\/en\/wp-json\/wp\/v2\/pages"}],"about":[{"href":"https:\/\/lavistabedding.com\/en\/wp-json\/wp\/v2\/types\/page"}],"author":[{"embeddable":true,"href":"https:\/\/lavistabedding.com\/en\/wp-json\/wp\/v2\/users\/1"}],"replies":[{"embeddable":true,"href":"https:\/\/lavistabedding.com\/en\/wp-json\/wp\/v2\/comments?post=1123"}],"version-history":[{"count":22,"href":"https:\/\/lavistabedding.com\/en\/wp-json\/wp\/v2\/pages\/1123\/revisions"}],"predecessor-version":[{"id":1964,"href":"https:\/\/lavistabedding.com\/en\/wp-json\/wp\/v2\/pages\/1123\/revisions\/1964"}],"wp:attachment":[{"href":"https:\/\/lavistabedding.com\/en\/wp-json\/wp\/v2\/media?parent=1123"}],"curies":[{"name":"wp","href":"https:\/\/api.w.org\/{rel}","templated":true}]}}